{"id":3,"date":"2023-08-30T10:10:37","date_gmt":"2023-08-30T10:10:37","guid":{"rendered":"https:\/\/web4.rkinformatika.net\/latuamueblescomercio2\/?page_id=3"},"modified":"2023-08-30T10:47:33","modified_gmt":"2023-08-30T10:47:33","slug":"terminos-del-servicio","status":"publish","type":"page","link":"https:\/\/tienda.latuamuebles.net\/eu\/terminos-del-servicio\/","title":{"rendered":"Zerbitzuaren terminoak"},"content":{"rendered":"<div data-elementor-type=\"wp-page\" data-elementor-id=\"3\" class=\"elementor elementor-3\" data-elementor-post-type=\"page\">\n\t\t\t\t\t\t<section class=\"elementor-section elementor-top-section elementor-element elementor-element-6c69e96 elementor-section-boxed elementor-section-height-default elementor-section-height-default\" data-id=\"6c69e96\" data-element_type=\"section\" data-e-type=\"section\">\n\t\t\t\t\t\t<div class=\"elementor-container elementor-column-gap-default\">\n\t\t\t\t\t<div class=\"elementor-column elementor-col-100 elementor-top-column elementor-element elementor-element-bf2cb3e\" data-id=\"bf2cb3e\" data-element_type=\"column\" data-e-type=\"column\">\n\t\t\t<div class=\"elementor-widget-wrap elementor-element-populated\">\n\t\t\t\t\t\t<div class=\"elementor-element elementor-element-ed711e9 elementor-widget elementor-widget-text-editor\" data-id=\"ed711e9\" data-element_type=\"widget\" data-e-type=\"widget\" data-widget_type=\"text-editor.default\">\n\t\t\t\t<div class=\"elementor-widget-container\">\n\t\t\t\t\t\t\t\t\t<h3 class=\"western\"><span style=\"color: #666666;\"><span style=\"font-family: Helvetica 65 Medium, sans-serif;\"><b>T\u00e9rminos del servicio<\/b><\/span><\/span><\/h3><p align=\"left\"><span style=\"color: #666666;\"><span style=\"font-family: Helvetica 65 Medium, sans-serif;\"><span style=\"font-size: large;\"><span style=\"font-size: 300%;\">C<\/span>omprar en nuestra tienda es muy sencillo: s\u00f3lo tienes que elegir el\/los art\u00edculos, incorporarlo a tu cesta pulsando sobre el icono y tramitar el pedido, empleando el medio de pago que t\u00fa elijas.<\/span><\/span><\/span><\/p><p align=\"left\"><span style=\"color: #666666;\"><span style=\"font-family: Helvetica 65 Medium, sans-serif;\"><span style=\"font-size: large;\">1. Elige el\/los art\u00edculo.<br \/>2. Visualiza el producto y sus caracter\u00edsticas.<br \/>3. Selecciona un producto y a a\u00f1ade el art\u00edculo a la cesta. A continuaci\u00f3n, puedes elegir seguir comprando o tramitar pedido.<br \/>4. Si quieres seguir comprando, repite el proceso pero si quieres tramitar pedido, reg\u00edstrate.<br \/>5. Una vez que hayas introducido tus datos, comprueba que sean correctos y pulsa confirmar.<br \/>6. Aseg\u00farate de que la direcci\u00f3n de env\u00edo y facturaci\u00f3n son las correctas.<br \/>7. Selecciona un m\u00e9todo de pago: Paypal, Visa, Visa Electron, Mastercard\u2026<br \/>8. Confirma el pedido.<br \/>9. Recibir\u00e1s un email confirm\u00e1ndote tu pedido.<\/span><\/span><\/span><\/p>\t\t\t\t\t\t\t\t<\/div>\n\t\t\t\t<\/div>\n\t\t\t\t\t<\/div>\n\t\t<\/div>\n\t\t\t\t\t<\/div>\n\t\t<\/section>\n\t\t\t\t<\/div>","protected":false},"excerpt":{"rendered":"<p>T\u00e9rminos del servicio Comprar en nuestra tienda es muy sencillo: s\u00f3lo tienes que elegir el\/los art\u00edculos, incorporarlo a tu cesta pulsando sobre el icono y tramitar el pedido, empleando el medio de pago que t\u00fa elijas. 1. Elige el\/los art\u00edculo. 2. Visualiza el producto y sus caracter\u00edsticas. 3. Selecciona un producto y a a\u00f1ade el [&hellip;]<\/p>\n","protected":false},"author":1,"featured_media":114,"parent":0,"menu_order":0,"comment_status":"closed","ping_status":"closed","template":"elementor_canvas","meta":{"footnotes":""},"class_list":["post-3","page","type-page","status-publish","has-post-thumbnail","hentry"],"yoast_head":"<!-- This site is optimized with the Yoast SEO plugin v27.3 - https:\/\/yoast.com\/product\/yoast-seo-wordpress\/ -->\n<title>Terminos del servicio - Latua muebles Tienda<\/title>\n<meta name=\"robots\" content=\"index, follow, max-snippet:-1, max-image-preview:large, max-video-preview:-1\" \/>\n<link rel=\"canonical\" href=\"https:\/\/tienda.latuamuebles.net\/eu\/terminos-del-servicio\/\" \/>\n<meta property=\"og:locale\" content=\"en_US\" \/>\n<meta property=\"og:type\" content=\"article\" \/>\n<meta property=\"og:title\" content=\"Terminos del servicio - Latua muebles Tienda\" \/>\n<meta property=\"og:description\" content=\"T\u00e9rminos del servicio Comprar en nuestra tienda es muy sencillo: s\u00f3lo tienes que elegir el\/los art\u00edculos, incorporarlo a tu cesta pulsando sobre el icono y tramitar el pedido, empleando el medio de pago que t\u00fa elijas. 1. Elige el\/los art\u00edculo. 2. Visualiza el producto y sus caracter\u00edsticas. 3. Selecciona un producto y a a\u00f1ade el [&hellip;]\" \/>\n<meta property=\"og:url\" content=\"https:\/\/tienda.latuamuebles.net\/eu\/terminos-del-servicio\/\" \/>\n<meta property=\"og:site_name\" content=\"Latua muebles Tienda\" \/>\n<meta property=\"article:modified_time\" content=\"2023-08-30T10:47:33+00:00\" \/>\n<meta property=\"og:image\" content=\"https:\/\/tienda.latuamuebles.net\/wp-content\/uploads\/2023\/08\/Logo_Mesa-de-trabajo-1-1.png\" \/>\n\t<meta property=\"og:image:width\" content=\"1920\" \/>\n\t<meta property=\"og:image:height\" content=\"1080\" \/>\n\t<meta property=\"og:image:type\" content=\"image\/png\" \/>\n<meta name=\"twitter:card\" content=\"summary_large_image\" \/>\n<meta name=\"twitter:label1\" content=\"Est. reading time\" \/>\n\t<meta name=\"twitter:data1\" content=\"1 minutua\" \/>\n<script type=\"application\/ld+json\" class=\"yoast-schema-graph\">{\"@context\":\"https:\\\/\\\/schema.org\",\"@graph\":[{\"@type\":\"WebPage\",\"@id\":\"https:\\\/\\\/tienda.latuamuebles.net\\\/terminos-del-servicio\\\/\",\"url\":\"https:\\\/\\\/tienda.latuamuebles.net\\\/terminos-del-servicio\\\/\",\"name\":\"Terminos del servicio - Latua muebles Tienda\",\"isPartOf\":{\"@id\":\"https:\\\/\\\/tienda.latuamuebles.net\\\/#website\"},\"primaryImageOfPage\":{\"@id\":\"https:\\\/\\\/tienda.latuamuebles.net\\\/terminos-del-servicio\\\/#primaryimage\"},\"image\":{\"@id\":\"https:\\\/\\\/tienda.latuamuebles.net\\\/terminos-del-servicio\\\/#primaryimage\"},\"thumbnailUrl\":\"https:\\\/\\\/tienda.latuamuebles.net\\\/wp-content\\\/uploads\\\/2023\\\/08\\\/Logo_Mesa-de-trabajo-1-1.png\",\"datePublished\":\"2023-08-30T10:10:37+00:00\",\"dateModified\":\"2023-08-30T10:47:33+00:00\",\"breadcrumb\":{\"@id\":\"https:\\\/\\\/tienda.latuamuebles.net\\\/terminos-del-servicio\\\/#breadcrumb\"},\"inLanguage\":\"eu\",\"potentialAction\":[{\"@type\":\"ReadAction\",\"target\":[\"https:\\\/\\\/tienda.latuamuebles.net\\\/terminos-del-servicio\\\/\"]}]},{\"@type\":\"ImageObject\",\"inLanguage\":\"eu\",\"@id\":\"https:\\\/\\\/tienda.latuamuebles.net\\\/terminos-del-servicio\\\/#primaryimage\",\"url\":\"https:\\\/\\\/tienda.latuamuebles.net\\\/wp-content\\\/uploads\\\/2023\\\/08\\\/Logo_Mesa-de-trabajo-1-1.png\",\"contentUrl\":\"https:\\\/\\\/tienda.latuamuebles.net\\\/wp-content\\\/uploads\\\/2023\\\/08\\\/Logo_Mesa-de-trabajo-1-1.png\",\"width\":1920,\"height\":1080},{\"@type\":\"BreadcrumbList\",\"@id\":\"https:\\\/\\\/tienda.latuamuebles.net\\\/terminos-del-servicio\\\/#breadcrumb\",\"itemListElement\":[{\"@type\":\"ListItem\",\"position\":1,\"name\":\"Portada\",\"item\":\"https:\\\/\\\/tienda.latuamuebles.net\\\/\"},{\"@type\":\"ListItem\",\"position\":2,\"name\":\"Terminos del servicio\"}]},{\"@type\":\"WebSite\",\"@id\":\"https:\\\/\\\/tienda.latuamuebles.net\\\/#website\",\"url\":\"https:\\\/\\\/tienda.latuamuebles.net\\\/\",\"name\":\"Latua muebles Tienda\",\"description\":\"\",\"potentialAction\":[{\"@type\":\"SearchAction\",\"target\":{\"@type\":\"EntryPoint\",\"urlTemplate\":\"https:\\\/\\\/tienda.latuamuebles.net\\\/?s={search_term_string}\"},\"query-input\":{\"@type\":\"PropertyValueSpecification\",\"valueRequired\":true,\"valueName\":\"search_term_string\"}}],\"inLanguage\":\"eu\"}]}<\/script>\n<!-- \/ Yoast SEO plugin. -->","yoast_head_json":{"title":"Terminos del servicio - Latua muebles Tienda","robots":{"index":"index","follow":"follow","max-snippet":"max-snippet:-1","max-image-preview":"max-image-preview:large","max-video-preview":"max-video-preview:-1"},"canonical":"https:\/\/tienda.latuamuebles.net\/eu\/terminos-del-servicio\/","og_locale":"en_US","og_type":"article","og_title":"Terminos del servicio - Latua muebles Tienda","og_description":"T\u00e9rminos del servicio Comprar en nuestra tienda es muy sencillo: s\u00f3lo tienes que elegir el\/los art\u00edculos, incorporarlo a tu cesta pulsando sobre el icono y tramitar el pedido, empleando el medio de pago que t\u00fa elijas. 1. Elige el\/los art\u00edculo. 2. Visualiza el producto y sus caracter\u00edsticas. 3. Selecciona un producto y a a\u00f1ade el [&hellip;]","og_url":"https:\/\/tienda.latuamuebles.net\/eu\/terminos-del-servicio\/","og_site_name":"Latua muebles Tienda","article_modified_time":"2023-08-30T10:47:33+00:00","og_image":[{"width":1920,"height":1080,"url":"https:\/\/tienda.latuamuebles.net\/wp-content\/uploads\/2023\/08\/Logo_Mesa-de-trabajo-1-1.png","type":"image\/png"}],"twitter_card":"summary_large_image","twitter_misc":{"Est. reading time":"1 minutua"},"schema":{"@context":"https:\/\/schema.org","@graph":[{"@type":"WebPage","@id":"https:\/\/tienda.latuamuebles.net\/terminos-del-servicio\/","url":"https:\/\/tienda.latuamuebles.net\/terminos-del-servicio\/","name":"Terminos del servicio - Latua muebles Tienda","isPartOf":{"@id":"https:\/\/tienda.latuamuebles.net\/#website"},"primaryImageOfPage":{"@id":"https:\/\/tienda.latuamuebles.net\/terminos-del-servicio\/#primaryimage"},"image":{"@id":"https:\/\/tienda.latuamuebles.net\/terminos-del-servicio\/#primaryimage"},"thumbnailUrl":"https:\/\/tienda.latuamuebles.net\/wp-content\/uploads\/2023\/08\/Logo_Mesa-de-trabajo-1-1.png","datePublished":"2023-08-30T10:10:37+00:00","dateModified":"2023-08-30T10:47:33+00:00","breadcrumb":{"@id":"https:\/\/tienda.latuamuebles.net\/terminos-del-servicio\/#breadcrumb"},"inLanguage":"eu","potentialAction":[{"@type":"ReadAction","target":["https:\/\/tienda.latuamuebles.net\/terminos-del-servicio\/"]}]},{"@type":"ImageObject","inLanguage":"eu","@id":"https:\/\/tienda.latuamuebles.net\/terminos-del-servicio\/#primaryimage","url":"https:\/\/tienda.latuamuebles.net\/wp-content\/uploads\/2023\/08\/Logo_Mesa-de-trabajo-1-1.png","contentUrl":"https:\/\/tienda.latuamuebles.net\/wp-content\/uploads\/2023\/08\/Logo_Mesa-de-trabajo-1-1.png","width":1920,"height":1080},{"@type":"BreadcrumbList","@id":"https:\/\/tienda.latuamuebles.net\/terminos-del-servicio\/#breadcrumb","itemListElement":[{"@type":"ListItem","position":1,"name":"Portada","item":"https:\/\/tienda.latuamuebles.net\/"},{"@type":"ListItem","position":2,"name":"Terminos del servicio"}]},{"@type":"WebSite","@id":"https:\/\/tienda.latuamuebles.net\/#website","url":"https:\/\/tienda.latuamuebles.net\/","name":"Latua muebles Tienda","description":"","potentialAction":[{"@type":"SearchAction","target":{"@type":"EntryPoint","urlTemplate":"https:\/\/tienda.latuamuebles.net\/?s={search_term_string}"},"query-input":{"@type":"PropertyValueSpecification","valueRequired":true,"valueName":"search_term_string"}}],"inLanguage":"eu"}]}},"_links":{"self":[{"href":"https:\/\/tienda.latuamuebles.net\/eu\/wp-json\/wp\/v2\/pages\/3","targetHints":{"allow":["GET"]}}],"collection":[{"href":"https:\/\/tienda.latuamuebles.net\/eu\/wp-json\/wp\/v2\/pages"}],"about":[{"href":"https:\/\/tienda.latuamuebles.net\/eu\/wp-json\/wp\/v2\/types\/page"}],"author":[{"embeddable":true,"href":"https:\/\/tienda.latuamuebles.net\/eu\/wp-json\/wp\/v2\/users\/1"}],"replies":[{"embeddable":true,"href":"https:\/\/tienda.latuamuebles.net\/eu\/wp-json\/wp\/v2\/comments?post=3"}],"version-history":[{"count":5,"href":"https:\/\/tienda.latuamuebles.net\/eu\/wp-json\/wp\/v2\/pages\/3\/revisions"}],"predecessor-version":[{"id":159,"href":"https:\/\/tienda.latuamuebles.net\/eu\/wp-json\/wp\/v2\/pages\/3\/revisions\/159"}],"wp:featuredmedia":[{"embeddable":true,"href":"https:\/\/tienda.latuamuebles.net\/eu\/wp-json\/wp\/v2\/media\/114"}],"wp:attachment":[{"href":"https:\/\/tienda.latuamuebles.net\/eu\/wp-json\/wp\/v2\/media?parent=3"}],"curies":[{"name":"wp","href":"https:\/\/api.w.org\/{rel}","templated":true}]}}