{"id":2,"date":"2023-08-30T10:10:37","date_gmt":"2023-08-30T10:10:37","guid":{"rendered":"https:\/\/web4.rkinformatika.net\/latuamueblescomercio2\/?page_id=2"},"modified":"2023-08-31T11:41:48","modified_gmt":"2023-08-31T11:41:48","slug":"inicio","status":"publish","type":"page","link":"https:\/\/tienda.latuamuebles.net\/eu\/","title":{"rendered":"Hasiera"},"content":{"rendered":"<div data-elementor-type=\"wp-page\" data-elementor-id=\"2\" class=\"elementor elementor-2\" data-elementor-post-type=\"page\">\n\t\t\t\t\t\t<section class=\"elementor-section elementor-top-section elementor-element elementor-element-faea4c1 elementor-section-boxed elementor-section-height-default elementor-section-height-default\" data-id=\"faea4c1\" data-element_type=\"section\" data-e-type=\"section\" data-settings=\"{&quot;background_background&quot;:&quot;classic&quot;}\">\n\t\t\t\t\t\t\t<div class=\"elementor-background-overlay\"><\/div>\n\t\t\t\t\t\t\t<div class=\"elementor-container elementor-column-gap-default\">\n\t\t\t\t\t<div class=\"elementor-column elementor-col-100 elementor-top-column elementor-element elementor-element-c213ad4\" data-id=\"c213ad4\" data-element_type=\"column\" data-e-type=\"column\">\n\t\t\t<div class=\"elementor-widget-wrap elementor-element-populated\">\n\t\t\t\t\t\t<div class=\"elementor-element elementor-element-d20bedd elementor-widget elementor-widget-heading\" data-id=\"d20bedd\" data-element_type=\"widget\" data-e-type=\"widget\" data-widget_type=\"heading.default\">\n\t\t\t\t<div class=\"elementor-widget-container\">\n\t\t\t\t\t<h2 class=\"elementor-heading-title elementor-size-default\">Tua altzariak non zure altzariak errealitate bihurtzen diren<\/h2>\t\t\t\t<\/div>\n\t\t\t\t<\/div>\n\t\t\t\t\t<\/div>\n\t\t<\/div>\n\t\t\t\t\t<\/div>\n\t\t<\/section>\n\t\t\t\t<section class=\"elementor-section elementor-top-section elementor-element elementor-element-8a2b709 elementor-section-boxed elementor-section-height-default elementor-section-height-default\" data-id=\"8a2b709\" data-element_type=\"section\" data-e-type=\"section\">\n\t\t\t\t\t\t<div class=\"elementor-container elementor-column-gap-default\">\n\t\t\t\t\t<div class=\"elementor-column elementor-col-50 elementor-top-column elementor-element elementor-element-afb2113\" data-id=\"afb2113\" data-element_type=\"column\" data-e-type=\"column\">\n\t\t\t<div class=\"elementor-widget-wrap elementor-element-populated\">\n\t\t\t\t\t\t<div class=\"elementor-element elementor-element-e708ebf elementor-invisible elementor-widget elementor-widget-heading\" data-id=\"e708ebf\" data-element_type=\"widget\" data-e-type=\"widget\" data-settings=\"{&quot;_animation&quot;:&quot;fadeInUp&quot;}\" data-widget_type=\"heading.default\">\n\t\t\t\t<div class=\"elementor-widget-container\">\n\t\t\t\t\t<h1 class=\"elementor-heading-title elementor-size-default\">Guri buruz <\/h1>\t\t\t\t<\/div>\n\t\t\t\t<\/div>\n\t\t\t\t<div class=\"elementor-element elementor-element-1dc6ad0 elementor-invisible elementor-widget elementor-widget-text-editor\" data-id=\"1dc6ad0\" data-element_type=\"widget\" data-e-type=\"widget\" data-settings=\"{&quot;_animation&quot;:&quot;fadeInUp&quot;}\" data-widget_type=\"text-editor.default\">\n\t\t\t\t<div class=\"elementor-widget-container\">\n\t\t\t\t\t\t\t\t\t<p>BIDAGINen 45 urte baino gehiago daramatzagu neurrira egindako altzariak garatzen eta fabrikatzen, eta gure esperientziarekin eta profesionaltasunarekin bermatzen dizugu behar duzun aholkularitza tekniko eta dekoratibo egokia. Gure jarduera familia-tradizioan oinarritzen da, eta teknologia berrietan etengabeko prestakuntzaren aldeko apustua egin duen profesional-talde batek egiten du, lan-modu tradizionalak errespetatuz.<\/p><p>Diseinu propioak lantzen ditugu, eta beste egile batzuen diseinuak ere ekoizten ditugu, edozein akabera motatan: zura, metala edo material sintetikoak.<\/p><p>Gauzatu zure proiektuak BIDAGINekin<\/p>\t\t\t\t\t\t\t\t<\/div>\n\t\t\t\t<\/div>\n\t\t\t\t<div class=\"elementor-element elementor-element-59024c7 elementor-invisible elementor-widget elementor-widget-button\" data-id=\"59024c7\" data-element_type=\"widget\" data-e-type=\"widget\" data-settings=\"{&quot;_animation&quot;:&quot;fadeInUp&quot;}\" data-widget_type=\"button.default\">\n\t\t\t\t<div class=\"elementor-widget-container\">\n\t\t\t\t\t\t\t\t\t<div class=\"elementor-button-wrapper\">\n\t\t\t\t\t<a class=\"elementor-button elementor-button-link elementor-size-sm\" href=\"https:\/\/web4.rkinformatika.net\/latuamuebles\/\">\n\t\t\t\t\t\t<span class=\"elementor-button-content-wrapper\">\n\t\t\t\t\t\t\t\t\t<span class=\"elementor-button-text\">Informazio gehiago<\/span>\n\t\t\t\t\t<\/span>\n\t\t\t\t\t<\/a>\n\t\t\t\t<\/div>\n\t\t\t\t\t\t\t\t<\/div>\n\t\t\t\t<\/div>\n\t\t\t\t\t<\/div>\n\t\t<\/div>\n\t\t\t\t<div class=\"elementor-column elementor-col-50 elementor-top-column elementor-element elementor-element-2d06825\" data-id=\"2d06825\" data-element_type=\"column\" data-e-type=\"column\">\n\t\t\t<div class=\"elementor-widget-wrap elementor-element-populated\">\n\t\t\t\t\t\t<div class=\"elementor-element elementor-element-c7587b3 elementor-widget elementor-widget-image\" data-id=\"c7587b3\" data-element_type=\"widget\" data-e-type=\"widget\" data-widget_type=\"image.default\">\n\t\t\t\t<div class=\"elementor-widget-container\">\n\t\t\t\t\t\t\t\t\t\t\t\t\t\t\t<img fetchpriority=\"high\" decoding=\"async\" width=\"680\" height=\"510\" src=\"https:\/\/tienda.latuamuebles.net\/wp-content\/uploads\/2023\/08\/20191121_1649361.jpg\" class=\"attachment-large size-large wp-image-80\" alt=\"\" srcset=\"https:\/\/tienda.latuamuebles.net\/wp-content\/uploads\/2023\/08\/20191121_1649361.jpg 680w, https:\/\/tienda.latuamuebles.net\/wp-content\/uploads\/2023\/08\/20191121_1649361-300x225.jpg 300w, https:\/\/tienda.latuamuebles.net\/wp-content\/uploads\/2023\/08\/20191121_1649361-16x12.jpg 16w, https:\/\/tienda.latuamuebles.net\/wp-content\/uploads\/2023\/08\/20191121_1649361-600x450.jpg 600w\" sizes=\"(max-width: 680px) 100vw, 680px\" \/>\t\t\t\t\t\t\t\t\t\t\t\t\t\t\t<\/div>\n\t\t\t\t<\/div>\n\t\t\t\t\t<\/div>\n\t\t<\/div>\n\t\t\t\t\t<\/div>\n\t\t<\/section>\n\t\t\t\t<\/div>","protected":false},"excerpt":{"rendered":"<p>La Tua muebles donde tus muebles se hacen realidad Sobre nosotros En BIDAGIN llevamos desarrollando y fabricando mobiliario a medida desde hace m\u00e1s de 45 a\u00f1os, garantiz\u00e1ndote con nuestra experiencia y profesionalidad el adecuado asesoramiento t\u00e9cnico y decorativo que necesitas. Nuestra actividad, basada en la tradici\u00f3n familiar, se lleva a cabo por un equipo de [&hellip;]<\/p>\n","protected":false},"author":1,"featured_media":114,"parent":0,"menu_order":0,"comment_status":"closed","ping_status":"closed","template":"elementor_canvas","meta":{"footnotes":""},"class_list":["post-2","page","type-page","status-publish","has-post-thumbnail","hentry"],"yoast_head":"<!-- This site is optimized with the Yoast SEO plugin v27.3 - https:\/\/yoast.com\/product\/yoast-seo-wordpress\/ -->\n<title>Inicio - Latua muebles Tienda<\/title>\n<meta name=\"robots\" content=\"index, follow, max-snippet:-1, max-image-preview:large, max-video-preview:-1\" \/>\n<link rel=\"canonical\" href=\"https:\/\/tienda.latuamuebles.net\/eu\/\" \/>\n<meta property=\"og:locale\" content=\"en_US\" \/>\n<meta property=\"og:type\" content=\"article\" \/>\n<meta property=\"og:title\" content=\"Inicio - Latua muebles Tienda\" \/>\n<meta property=\"og:description\" content=\"La Tua muebles donde tus muebles se hacen realidad Sobre nosotros En BIDAGIN llevamos desarrollando y fabricando mobiliario a medida desde hace m\u00e1s de 45 a\u00f1os, garantiz\u00e1ndote con nuestra experiencia y profesionalidad el adecuado asesoramiento t\u00e9cnico y decorativo que necesitas. Nuestra actividad, basada en la tradici\u00f3n familiar, se lleva a cabo por un equipo de [&hellip;]\" \/>\n<meta property=\"og:url\" content=\"https:\/\/tienda.latuamuebles.net\/eu\/\" \/>\n<meta property=\"og:site_name\" content=\"Latua muebles Tienda\" \/>\n<meta property=\"article:modified_time\" content=\"2023-08-31T11:41:48+00:00\" \/>\n<meta property=\"og:image\" content=\"https:\/\/tienda.latuamuebles.net\/wp-content\/uploads\/2023\/08\/Logo_Mesa-de-trabajo-1-1.png\" \/>\n\t<meta property=\"og:image:width\" content=\"1920\" \/>\n\t<meta property=\"og:image:height\" content=\"1080\" \/>\n\t<meta property=\"og:image:type\" content=\"image\/png\" \/>\n<meta name=\"twitter:card\" content=\"summary_large_image\" \/>\n<meta name=\"twitter:label1\" content=\"Est. reading time\" \/>\n\t<meta name=\"twitter:data1\" content=\"1 minutua\" \/>\n<script type=\"application\/ld+json\" class=\"yoast-schema-graph\">{\"@context\":\"https:\\\/\\\/schema.org\",\"@graph\":[{\"@type\":\"WebPage\",\"@id\":\"https:\\\/\\\/tienda.latuamuebles.net\\\/\",\"url\":\"https:\\\/\\\/tienda.latuamuebles.net\\\/\",\"name\":\"Inicio - Latua muebles Tienda\",\"isPartOf\":{\"@id\":\"https:\\\/\\\/tienda.latuamuebles.net\\\/#website\"},\"primaryImageOfPage\":{\"@id\":\"https:\\\/\\\/tienda.latuamuebles.net\\\/#primaryimage\"},\"image\":{\"@id\":\"https:\\\/\\\/tienda.latuamuebles.net\\\/#primaryimage\"},\"thumbnailUrl\":\"https:\\\/\\\/tienda.latuamuebles.net\\\/wp-content\\\/uploads\\\/2023\\\/08\\\/Logo_Mesa-de-trabajo-1-1.png\",\"datePublished\":\"2023-08-30T10:10:37+00:00\",\"dateModified\":\"2023-08-31T11:41:48+00:00\",\"breadcrumb\":{\"@id\":\"https:\\\/\\\/tienda.latuamuebles.net\\\/#breadcrumb\"},\"inLanguage\":\"eu\",\"potentialAction\":[{\"@type\":\"ReadAction\",\"target\":[\"https:\\\/\\\/tienda.latuamuebles.net\\\/\"]}]},{\"@type\":\"ImageObject\",\"inLanguage\":\"eu\",\"@id\":\"https:\\\/\\\/tienda.latuamuebles.net\\\/#primaryimage\",\"url\":\"https:\\\/\\\/tienda.latuamuebles.net\\\/wp-content\\\/uploads\\\/2023\\\/08\\\/Logo_Mesa-de-trabajo-1-1.png\",\"contentUrl\":\"https:\\\/\\\/tienda.latuamuebles.net\\\/wp-content\\\/uploads\\\/2023\\\/08\\\/Logo_Mesa-de-trabajo-1-1.png\",\"width\":1920,\"height\":1080},{\"@type\":\"BreadcrumbList\",\"@id\":\"https:\\\/\\\/tienda.latuamuebles.net\\\/#breadcrumb\",\"itemListElement\":[{\"@type\":\"ListItem\",\"position\":1,\"name\":\"Portada\",\"item\":\"https:\\\/\\\/tienda.latuamuebles.net\\\/\"},{\"@type\":\"ListItem\",\"position\":2,\"name\":\"Inicio\"}]},{\"@type\":\"WebSite\",\"@id\":\"https:\\\/\\\/tienda.latuamuebles.net\\\/#website\",\"url\":\"https:\\\/\\\/tienda.latuamuebles.net\\\/\",\"name\":\"Latua muebles Tienda\",\"description\":\"\",\"potentialAction\":[{\"@type\":\"SearchAction\",\"target\":{\"@type\":\"EntryPoint\",\"urlTemplate\":\"https:\\\/\\\/tienda.latuamuebles.net\\\/?s={search_term_string}\"},\"query-input\":{\"@type\":\"PropertyValueSpecification\",\"valueRequired\":true,\"valueName\":\"search_term_string\"}}],\"inLanguage\":\"eu\"}]}<\/script>\n<!-- \/ Yoast SEO plugin. -->","yoast_head_json":{"title":"Inicio - Latua muebles Tienda","robots":{"index":"index","follow":"follow","max-snippet":"max-snippet:-1","max-image-preview":"max-image-preview:large","max-video-preview":"max-video-preview:-1"},"canonical":"https:\/\/tienda.latuamuebles.net\/eu\/","og_locale":"en_US","og_type":"article","og_title":"Inicio - Latua muebles Tienda","og_description":"La Tua muebles donde tus muebles se hacen realidad Sobre nosotros En BIDAGIN llevamos desarrollando y fabricando mobiliario a medida desde hace m\u00e1s de 45 a\u00f1os, garantiz\u00e1ndote con nuestra experiencia y profesionalidad el adecuado asesoramiento t\u00e9cnico y decorativo que necesitas. Nuestra actividad, basada en la tradici\u00f3n familiar, se lleva a cabo por un equipo de [&hellip;]","og_url":"https:\/\/tienda.latuamuebles.net\/eu\/","og_site_name":"Latua muebles Tienda","article_modified_time":"2023-08-31T11:41:48+00:00","og_image":[{"width":1920,"height":1080,"url":"https:\/\/tienda.latuamuebles.net\/wp-content\/uploads\/2023\/08\/Logo_Mesa-de-trabajo-1-1.png","type":"image\/png"}],"twitter_card":"summary_large_image","twitter_misc":{"Est. reading time":"1 minutua"},"schema":{"@context":"https:\/\/schema.org","@graph":[{"@type":"WebPage","@id":"https:\/\/tienda.latuamuebles.net\/","url":"https:\/\/tienda.latuamuebles.net\/","name":"Inicio - Latua muebles Tienda","isPartOf":{"@id":"https:\/\/tienda.latuamuebles.net\/#website"},"primaryImageOfPage":{"@id":"https:\/\/tienda.latuamuebles.net\/#primaryimage"},"image":{"@id":"https:\/\/tienda.latuamuebles.net\/#primaryimage"},"thumbnailUrl":"https:\/\/tienda.latuamuebles.net\/wp-content\/uploads\/2023\/08\/Logo_Mesa-de-trabajo-1-1.png","datePublished":"2023-08-30T10:10:37+00:00","dateModified":"2023-08-31T11:41:48+00:00","breadcrumb":{"@id":"https:\/\/tienda.latuamuebles.net\/#breadcrumb"},"inLanguage":"eu","potentialAction":[{"@type":"ReadAction","target":["https:\/\/tienda.latuamuebles.net\/"]}]},{"@type":"ImageObject","inLanguage":"eu","@id":"https:\/\/tienda.latuamuebles.net\/#primaryimage","url":"https:\/\/tienda.latuamuebles.net\/wp-content\/uploads\/2023\/08\/Logo_Mesa-de-trabajo-1-1.png","contentUrl":"https:\/\/tienda.latuamuebles.net\/wp-content\/uploads\/2023\/08\/Logo_Mesa-de-trabajo-1-1.png","width":1920,"height":1080},{"@type":"BreadcrumbList","@id":"https:\/\/tienda.latuamuebles.net\/#breadcrumb","itemListElement":[{"@type":"ListItem","position":1,"name":"Portada","item":"https:\/\/tienda.latuamuebles.net\/"},{"@type":"ListItem","position":2,"name":"Inicio"}]},{"@type":"WebSite","@id":"https:\/\/tienda.latuamuebles.net\/#website","url":"https:\/\/tienda.latuamuebles.net\/","name":"Latua muebles Tienda","description":"","potentialAction":[{"@type":"SearchAction","target":{"@type":"EntryPoint","urlTemplate":"https:\/\/tienda.latuamuebles.net\/?s={search_term_string}"},"query-input":{"@type":"PropertyValueSpecification","valueRequired":true,"valueName":"search_term_string"}}],"inLanguage":"eu"}]}},"_links":{"self":[{"href":"https:\/\/tienda.latuamuebles.net\/eu\/wp-json\/wp\/v2\/pages\/2","targetHints":{"allow":["GET"]}}],"collection":[{"href":"https:\/\/tienda.latuamuebles.net\/eu\/wp-json\/wp\/v2\/pages"}],"about":[{"href":"https:\/\/tienda.latuamuebles.net\/eu\/wp-json\/wp\/v2\/types\/page"}],"author":[{"embeddable":true,"href":"https:\/\/tienda.latuamuebles.net\/eu\/wp-json\/wp\/v2\/users\/1"}],"replies":[{"embeddable":true,"href":"https:\/\/tienda.latuamuebles.net\/eu\/wp-json\/wp\/v2\/comments?post=2"}],"version-history":[{"count":35,"href":"https:\/\/tienda.latuamuebles.net\/eu\/wp-json\/wp\/v2\/pages\/2\/revisions"}],"predecessor-version":[{"id":197,"href":"https:\/\/tienda.latuamuebles.net\/eu\/wp-json\/wp\/v2\/pages\/2\/revisions\/197"}],"wp:featuredmedia":[{"embeddable":true,"href":"https:\/\/tienda.latuamuebles.net\/eu\/wp-json\/wp\/v2\/media\/114"}],"wp:attachment":[{"href":"https:\/\/tienda.latuamuebles.net\/eu\/wp-json\/wp\/v2\/media?parent=2"}],"curies":[{"name":"wp","href":"https:\/\/api.w.org\/{rel}","templated":true}]}}